{"id":1265,"date":"2025-08-01T18:16:23","date_gmt":"2025-08-01T21:16:23","guid":{"rendered":"https:\/\/ecocircleglobal.com\/?page_id=1265"},"modified":"2025-08-04T16:05:16","modified_gmt":"2025-08-04T19:05:16","slug":"isq-do-brasil","status":"publish","type":"page","link":"https:\/\/ecocircleglobal.com\/en\/projetos\/isq-do-brasil\/","title":{"rendered":"ISQ of Brazil"},"content":{"rendered":"<div data-elementor-type=\"wp-page\" data-elementor-id=\"1265\" class=\"elementor elementor-1265\" data-elementor-post-type=\"page\">\n\t\t\t\t<section class=\"elementor-element elementor-element-80d01a0 e-con-full e-flex e-con e-parent\" data-id=\"80d01a0\" data-element_type=\"container\" data-e-type=\"container\" data-settings=\"{&quot;background_background&quot;:&quot;classic&quot;}\">\n\t\t<div class=\"elementor-element elementor-element-fccdfd5 e-con-full clipped-element-banner elementor-hidden-desktop elementor-hidden-tablet elementor-hidden-mobile e-flex e-con e-child\" data-id=\"fccdfd5\" data-element_type=\"container\" data-e-type=\"container\">\n\t\t<div class=\"elementor-element elementor-element-0cddb2e e-flex e-con-boxed e-con e-child\" data-id=\"0cddb2e\" data-element_type=\"container\" data-e-type=\"container\">\n\t\t\t\t\t<div class=\"e-con-inner\">\n\t\t<div class=\"elementor-element elementor-element-99d0ead e-con-full e-flex e-con e-child\" data-id=\"99d0ead\" data-element_type=\"container\" data-e-type=\"container\">\n\t\t\t\t<div class=\"elementor-element elementor-element-58c91d9 elementor-invisible elementor-widget elementor-widget-heading\" data-id=\"58c91d9\" data-element_type=\"widget\" data-e-type=\"widget\" data-settings=\"{&quot;_animation&quot;:&quot;fadeInUp&quot;,&quot;_animation_mobile&quot;:&quot;fadeInUp&quot;}\" data-widget_type=\"heading.default\">\n\t\t\t\t<div class=\"elementor-widget-container\">\n\t\t\t\t\t<h3 class=\"elementor-heading-title elementor-size-default\">Project<\/h3>\t\t\t\t<\/div>\n\t\t\t\t<\/div>\n\t\t\t\t<div class=\"elementor-element elementor-element-9a5652b elementor-widget__width-initial elementor-invisible elementor-widget elementor-widget-heading\" data-id=\"9a5652b\" data-element_type=\"widget\" data-e-type=\"widget\" data-settings=\"{&quot;_animation&quot;:&quot;fadeInUp&quot;}\" data-widget_type=\"heading.default\">\n\t\t\t\t<div class=\"elementor-widget-container\">\n\t\t\t\t\t<h1 class=\"elementor-heading-title elementor-size-default\">ISQ of Brazil<\/h1>\t\t\t\t<\/div>\n\t\t\t\t<\/div>\n\t\t\t\t<\/div>\n\t\t<div class=\"elementor-element elementor-element-7fd5ff7 e-con-full e-flex e-con e-child\" data-id=\"7fd5ff7\" data-element_type=\"container\" data-e-type=\"container\">\n\t\t\t\t<div class=\"elementor-element elementor-element-f44eb02 elementor-invisible elementor-widget elementor-widget-heading\" data-id=\"f44eb02\" data-element_type=\"widget\" data-e-type=\"widget\" data-settings=\"{&quot;_animation&quot;:&quot;fadeInUp&quot;}\" data-widget_type=\"heading.default\">\n\t\t\t\t<div class=\"elementor-widget-container\">\n\t\t\t\t\t<p class=\"elementor-heading-title elementor-size-default\">Conserving 8,340 hectares of Amazon rainforest and promoting sustainable development in the Amazon.<\/p>\t\t\t\t<\/div>\n\t\t\t\t<\/div>\n\t\t\t\t<\/div>\n\t\t\t\t\t<\/div>\n\t\t\t\t<\/div>\n\t\t\t\t<\/div>\n\t\t<div class=\"elementor-element elementor-element-e9db88c e-con-full e-flex e-con e-child\" data-id=\"e9db88c\" data-element_type=\"container\" data-e-type=\"container\">\n\t\t<div class=\"elementor-element elementor-element-3dc205d animated-slow e-con-full e-flex elementor-invisible e-con e-child\" data-id=\"3dc205d\" data-element_type=\"container\" data-e-type=\"container\" data-settings=\"{&quot;animation&quot;:&quot;fadeInLeft&quot;,&quot;motion_fx_motion_fx_scrolling&quot;:&quot;yes&quot;,&quot;motion_fx_translateY_effect&quot;:&quot;yes&quot;,&quot;motion_fx_opacity_effect&quot;:&quot;yes&quot;,&quot;motion_fx_opacity_direction&quot;:&quot;out-in-out&quot;,&quot;motion_fx_opacity_range&quot;:{&quot;unit&quot;:&quot;%&quot;,&quot;size&quot;:&quot;&quot;,&quot;sizes&quot;:{&quot;start&quot;:0,&quot;end&quot;:53}},&quot;motion_fx_devices&quot;:[&quot;desktop&quot;],&quot;motion_fx_range&quot;:&quot;viewport&quot;,&quot;motion_fx_translateY_speed&quot;:{&quot;unit&quot;:&quot;px&quot;,&quot;size&quot;:4,&quot;sizes&quot;:[]},&quot;motion_fx_translateY_affectedRange&quot;:{&quot;unit&quot;:&quot;%&quot;,&quot;size&quot;:&quot;&quot;,&quot;sizes&quot;:{&quot;start&quot;:0,&quot;end&quot;:100}},&quot;motion_fx_opacity_level&quot;:{&quot;unit&quot;:&quot;px&quot;,&quot;size&quot;:10,&quot;sizes&quot;:[]}}\">\n\t\t\t\t<div class=\"elementor-element elementor-element-f089b37 elementor-widget__width-initial elementor-invisible elementor-widget elementor-widget-heading\" data-id=\"f089b37\" data-element_type=\"widget\" data-e-type=\"widget\" data-settings=\"{&quot;_animation&quot;:&quot;fadeInUp&quot;}\" data-widget_type=\"heading.default\">\n\t\t\t\t<div class=\"elementor-widget-container\">\n\t\t\t\t\t<h1 class=\"elementor-heading-title elementor-size-default\">ISQ of Brazil<\/h1>\t\t\t\t<\/div>\n\t\t\t\t<\/div>\n\t\t\t\t<div class=\"elementor-element elementor-element-68316dd elementor-widget__width-initial elementor-invisible elementor-widget elementor-widget-heading\" data-id=\"68316dd\" data-element_type=\"widget\" data-e-type=\"widget\" data-settings=\"{&quot;_animation&quot;:&quot;fadeInUp&quot;}\" data-widget_type=\"heading.default\">\n\t\t\t\t<div class=\"elementor-widget-container\">\n\t\t\t\t\t<p class=\"elementor-heading-title elementor-size-default\">A company specializing in customized and integrated sustainability solutions that create value for companies.<\/p>\t\t\t\t<\/div>\n\t\t\t\t<\/div>\n\t\t\t\t<\/div>\n\t\t\t\t<\/div>\n\t\t\t\t<\/section>\n\t\t<section class=\"elementor-element elementor-element-41c30ec e-flex e-con-boxed e-con e-parent\" data-id=\"41c30ec\" data-element_type=\"container\" data-e-type=\"container\">\n\t\t\t\t\t<div class=\"e-con-inner\">\n\t\t<div class=\"elementor-element elementor-element-4c86088 e-con-full e-flex e-con e-child\" data-id=\"4c86088\" data-element_type=\"container\" data-e-type=\"container\">\n\t\t<div class=\"elementor-element elementor-element-a5543b5 e-con-full e-flex e-con e-child\" data-id=\"a5543b5\" data-element_type=\"container\" data-e-type=\"container\">\n\t\t\t\t<div class=\"elementor-element elementor-element-ccbb384 elementor-widget elementor-widget-image\" data-id=\"ccbb384\" data-element_type=\"widget\" data-e-type=\"widget\" data-widget_type=\"image.default\">\n\t\t\t\t<div class=\"elementor-widget-container\">\n\t\t\t\t\t\t\t\t\t\t\t\t\t\t\t<img decoding=\"async\" width=\"200\" height=\"195\" src=\"https:\/\/ecocircleglobal.com\/wp-content\/uploads\/2025\/08\/isq.webp\" class=\"attachment-full size-full wp-image-1374\" alt=\"\" srcset=\"https:\/\/ecocircleglobal.com\/wp-content\/uploads\/2025\/08\/isq.webp 200w, https:\/\/ecocircleglobal.com\/wp-content\/uploads\/2025\/08\/isq-12x12.webp 12w\" sizes=\"(max-width: 200px) 100vw, 200px\" \/>\t\t\t\t\t\t\t\t\t\t\t\t\t\t\t<\/div>\n\t\t\t\t<\/div>\n\t\t\t\t<div class=\"elementor-element elementor-element-b48ce3b elementor-widget elementor-widget-text-editor\" data-id=\"b48ce3b\" data-element_type=\"widget\" data-e-type=\"widget\" data-widget_type=\"text-editor.default\">\n\t\t\t\t<div class=\"elementor-widget-container\">\n\t\t\t\t\t\t\t\t\t<p class=\"cvGsUA direction-ltr align-start para-style-body\">ISQ do Brasil and EcoCircle: Strategic Partnership for Sustainability ISQ do Brasil began its partnership with EcoCircle in May 2024 to structure and strengthen its ESG (Environmental, Social, and Governance) strategy. In this first phase, an ESG diagnosis was developed based on the ABNT PR2030 ESG Good Practices Guide, enabling an in-depth analysis of the main strengths and opportunities for improvement in each of the ESG pillars.<\/p><p class=\"cvGsUA direction-ltr align-start para-style-body\">Based on the results of the diagnosis, ISQ decided to move forward with the implementation phase of the ESG project in its operations in Brazil, with the main objective of obtaining the Declaration of Compliance with Good ESG Practices, as recommended by ABNT PR2030.<\/p>\t\t\t\t\t\t\t\t<\/div>\n\t\t\t\t<\/div>\n\t\t\t\t<\/div>\n\t\t<div class=\"elementor-element elementor-element-e1c6e13 e-con-full e-flex e-con e-child\" data-id=\"e1c6e13\" data-element_type=\"container\" data-e-type=\"container\">\n\t\t\t\t<div class=\"elementor-element elementor-element-8c8423b elementor-widget elementor-widget-image\" data-id=\"8c8423b\" data-element_type=\"widget\" data-e-type=\"widget\" data-widget_type=\"image.default\">\n\t\t\t\t<div class=\"elementor-widget-container\">\n\t\t\t\t\t\t\t\t\t\t\t\t\t\t\t<img fetchpriority=\"high\" decoding=\"async\" width=\"624\" height=\"403\" src=\"https:\/\/ecocircleglobal.com\/wp-content\/uploads\/2025\/08\/espaco-fisico-da-empresa-ISQ.webp\" class=\"attachment-1536x1536 size-1536x1536 wp-image-1589\" alt=\"\" srcset=\"https:\/\/ecocircleglobal.com\/wp-content\/uploads\/2025\/08\/espaco-fisico-da-empresa-ISQ.webp 624w, https:\/\/ecocircleglobal.com\/wp-content\/uploads\/2025\/08\/espaco-fisico-da-empresa-ISQ-300x194.webp 300w, https:\/\/ecocircleglobal.com\/wp-content\/uploads\/2025\/08\/espaco-fisico-da-empresa-ISQ-18x12.webp 18w\" sizes=\"(max-width: 624px) 100vw, 624px\" \/>\t\t\t\t\t\t\t\t\t\t\t\t\t\t\t<\/div>\n\t\t\t\t<\/div>\n\t\t\t\t<\/div>\n\t\t\t\t<\/div>\n\t\t<div class=\"elementor-element elementor-element-bab63da e-con-full e-flex e-con e-child\" data-id=\"bab63da\" data-element_type=\"container\" data-e-type=\"container\">\n\t\t<div class=\"elementor-element elementor-element-077a4a6 e-con-full e-flex e-con e-child\" data-id=\"077a4a6\" data-element_type=\"container\" data-e-type=\"container\">\n\t\t\t\t<div class=\"elementor-element elementor-element-aa9eac2 elementor-widget elementor-widget-image\" data-id=\"aa9eac2\" data-element_type=\"widget\" data-e-type=\"widget\" data-widget_type=\"image.default\">\n\t\t\t\t<div class=\"elementor-widget-container\">\n\t\t\t\t\t\t\t\t\t\t\t\t\t\t\t<img decoding=\"async\" width=\"1020\" height=\"1020\" src=\"https:\/\/ecocircleglobal.com\/wp-content\/uploads\/2025\/08\/homem-da-empresa-ISQ-e-uma-usina-eolica.webp\" class=\"attachment-full size-full wp-image-1588\" alt=\"\" srcset=\"https:\/\/ecocircleglobal.com\/wp-content\/uploads\/2025\/08\/homem-da-empresa-ISQ-e-uma-usina-eolica.webp 1020w, https:\/\/ecocircleglobal.com\/wp-content\/uploads\/2025\/08\/homem-da-empresa-ISQ-e-uma-usina-eolica-300x300.webp 300w, https:\/\/ecocircleglobal.com\/wp-content\/uploads\/2025\/08\/homem-da-empresa-ISQ-e-uma-usina-eolica-150x150.webp 150w, https:\/\/ecocircleglobal.com\/wp-content\/uploads\/2025\/08\/homem-da-empresa-ISQ-e-uma-usina-eolica-768x768.webp 768w, https:\/\/ecocircleglobal.com\/wp-content\/uploads\/2025\/08\/homem-da-empresa-ISQ-e-uma-usina-eolica-12x12.webp 12w\" sizes=\"(max-width: 1020px) 100vw, 1020px\" \/>\t\t\t\t\t\t\t\t\t\t\t\t\t\t\t<\/div>\n\t\t\t\t<\/div>\n\t\t\t\t<\/div>\n\t\t<div class=\"elementor-element elementor-element-9a8b4a6 e-con-full e-flex e-con e-child\" data-id=\"9a8b4a6\" data-element_type=\"container\" data-e-type=\"container\">\n\t\t\t\t<div class=\"elementor-element elementor-element-db0933d elementor-widget elementor-widget-text-editor\" data-id=\"db0933d\" data-element_type=\"widget\" data-e-type=\"widget\" data-widget_type=\"text-editor.default\">\n\t\t\t\t<div class=\"elementor-widget-container\">\n\t\t\t\t\t\t\t\t\t<p class=\"cvGsUA direction-ltr align-end para-style-body\">To make the project even more robust and aligned with key global benchmarks, the following complementary initiatives are being developed:\u00a0<\/p><p class=\"cvGsUA direction-ltr align-end para-style-body\">Sustainability Report, prepared in accordance with the GRI (Global Reporting Initiative) guidelines;\u00a0<\/p><p class=\"cvGsUA direction-ltr align-end para-style-body\">Greenhouse Gas Emissions Inventory, according to the GHG Protocol Brazil.\u00a0<\/p><p class=\"cvGsUA direction-ltr align-end para-style-body\">These actions reflect ISQ Brazil&#039;s commitment to integrating sustainability into its corporate strategy, with concrete actions aimed at decarbonizing its operations in the country.<\/p>\t\t\t\t\t\t\t\t<\/div>\n\t\t\t\t<\/div>\n\t\t\t\t<\/div>\n\t\t\t\t<\/div>\n\t\t\t\t\t<\/div>\n\t\t\t\t<\/section>\n\t\t\t\t<\/div>","protected":false},"excerpt":{"rendered":"<p>Projeto Conservando 8.34 mil hectares de floresta amaz\u00f4nica e promovendo desenvolvimento sustent\u00e1vel no Amazonas. Uma empresa especializada em solu\u00e7\u00f5es personalizadas e integradas de sustentabilidade que criam valor para as empresas. ISQ do Brasil e EcoCircle: Parceria Estrat\u00e9gica para a Sustentabilidade A ISQ do Brasil iniciou sua parceria com a EcoCircle em maio de 2024, com [&hellip;]<\/p>","protected":false},"author":1,"featured_media":0,"parent":62,"menu_order":0,"comment_status":"closed","ping_status":"closed","template":"elementor_header_footer","meta":{"footnotes":""},"class_list":["post-1265","page","type-page","status-publish","hentry"],"_links":{"self":[{"href":"https:\/\/ecocircleglobal.com\/en\/wp-json\/wp\/v2\/pages\/1265","targetHints":{"allow":["GET"]}}],"collection":[{"href":"https:\/\/ecocircleglobal.com\/en\/wp-json\/wp\/v2\/pages"}],"about":[{"href":"https:\/\/ecocircleglobal.com\/en\/wp-json\/wp\/v2\/types\/page"}],"author":[{"embeddable":true,"href":"https:\/\/ecocircleglobal.com\/en\/wp-json\/wp\/v2\/users\/1"}],"replies":[{"embeddable":true,"href":"https:\/\/ecocircleglobal.com\/en\/wp-json\/wp\/v2\/comments?post=1265"}],"version-history":[{"count":0,"href":"https:\/\/ecocircleglobal.com\/en\/wp-json\/wp\/v2\/pages\/1265\/revisions"}],"up":[{"embeddable":true,"href":"https:\/\/ecocircleglobal.com\/en\/wp-json\/wp\/v2\/pages\/62"}],"wp:attachment":[{"href":"https:\/\/ecocircleglobal.com\/en\/wp-json\/wp\/v2\/media?parent=1265"}],"curies":[{"name":"wp","href":"https:\/\/api.w.org\/{rel}","templated":true}]}}