{"id":1267,"date":"2025-08-01T18:16:38","date_gmt":"2025-08-01T21:16:38","guid":{"rendered":"https:\/\/ecocircleglobal.com\/?page_id=1267"},"modified":"2025-08-04T16:05:38","modified_gmt":"2025-08-04T19:05:38","slug":"diagnostico-esg-abendi","status":"publish","type":"page","link":"https:\/\/ecocircleglobal.com\/en\/projetos\/diagnostico-esg-abendi\/","title":{"rendered":"Abendi ESG Diagnosis"},"content":{"rendered":"<div data-elementor-type=\"wp-page\" data-elementor-id=\"1267\" class=\"elementor elementor-1267\" data-elementor-post-type=\"page\">\n\t\t\t\t<section class=\"elementor-element elementor-element-80d01a0 e-con-full e-flex e-con e-parent\" data-id=\"80d01a0\" data-element_type=\"container\" data-e-type=\"container\" data-settings=\"{&quot;background_background&quot;:&quot;classic&quot;}\">\n\t\t<div class=\"elementor-element elementor-element-fccdfd5 e-con-full clipped-element-banner elementor-hidden-desktop elementor-hidden-tablet elementor-hidden-mobile e-flex e-con e-child\" data-id=\"fccdfd5\" data-element_type=\"container\" data-e-type=\"container\">\n\t\t<div class=\"elementor-element elementor-element-0cddb2e e-flex e-con-boxed e-con e-child\" data-id=\"0cddb2e\" data-element_type=\"container\" data-e-type=\"container\">\n\t\t\t\t\t<div class=\"e-con-inner\">\n\t\t<div class=\"elementor-element elementor-element-99d0ead e-con-full e-flex e-con e-child\" data-id=\"99d0ead\" data-element_type=\"container\" data-e-type=\"container\">\n\t\t\t\t<div class=\"elementor-element elementor-element-58c91d9 elementor-invisible elementor-widget elementor-widget-heading\" data-id=\"58c91d9\" data-element_type=\"widget\" data-e-type=\"widget\" data-settings=\"{&quot;_animation&quot;:&quot;fadeInUp&quot;,&quot;_animation_mobile&quot;:&quot;fadeInUp&quot;}\" data-widget_type=\"heading.default\">\n\t\t\t\t<div class=\"elementor-widget-container\">\n\t\t\t\t\t<h3 class=\"elementor-heading-title elementor-size-default\">Project<\/h3>\t\t\t\t<\/div>\n\t\t\t\t<\/div>\n\t\t\t\t<div class=\"elementor-element elementor-element-9a5652b elementor-widget__width-initial elementor-invisible elementor-widget elementor-widget-heading\" data-id=\"9a5652b\" data-element_type=\"widget\" data-e-type=\"widget\" data-settings=\"{&quot;_animation&quot;:&quot;fadeInUp&quot;}\" data-widget_type=\"heading.default\">\n\t\t\t\t<div class=\"elementor-widget-container\">\n\t\t\t\t\t<h1 class=\"elementor-heading-title elementor-size-default\">Abendi ESG Diagnosis<\/h1>\t\t\t\t<\/div>\n\t\t\t\t<\/div>\n\t\t\t\t<\/div>\n\t\t<div class=\"elementor-element elementor-element-7fd5ff7 e-con-full e-flex e-con e-child\" data-id=\"7fd5ff7\" data-element_type=\"container\" data-e-type=\"container\">\n\t\t\t\t<div class=\"elementor-element elementor-element-f44eb02 elementor-invisible elementor-widget elementor-widget-heading\" data-id=\"f44eb02\" data-element_type=\"widget\" data-e-type=\"widget\" data-settings=\"{&quot;_animation&quot;:&quot;fadeInUp&quot;}\" data-widget_type=\"heading.default\">\n\t\t\t\t<div class=\"elementor-widget-container\">\n\t\t\t\t\t<p class=\"elementor-heading-title elementor-size-default\">Conserving 8,340 hectares of Amazon rainforest and promoting sustainable development in the Amazon.<\/p>\t\t\t\t<\/div>\n\t\t\t\t<\/div>\n\t\t\t\t<\/div>\n\t\t\t\t\t<\/div>\n\t\t\t\t<\/div>\n\t\t\t\t<\/div>\n\t\t<div class=\"elementor-element elementor-element-e9db88c e-con-full e-flex e-con e-child\" data-id=\"e9db88c\" data-element_type=\"container\" data-e-type=\"container\">\n\t\t<div class=\"elementor-element elementor-element-3dc205d animated-slow e-con-full e-flex elementor-invisible e-con e-child\" data-id=\"3dc205d\" data-element_type=\"container\" data-e-type=\"container\" data-settings=\"{&quot;animation&quot;:&quot;fadeInLeft&quot;,&quot;motion_fx_motion_fx_scrolling&quot;:&quot;yes&quot;,&quot;motion_fx_translateY_effect&quot;:&quot;yes&quot;,&quot;motion_fx_opacity_effect&quot;:&quot;yes&quot;,&quot;motion_fx_opacity_direction&quot;:&quot;out-in-out&quot;,&quot;motion_fx_opacity_range&quot;:{&quot;unit&quot;:&quot;%&quot;,&quot;size&quot;:&quot;&quot;,&quot;sizes&quot;:{&quot;start&quot;:0,&quot;end&quot;:53}},&quot;motion_fx_devices&quot;:[&quot;desktop&quot;],&quot;motion_fx_range&quot;:&quot;viewport&quot;,&quot;motion_fx_translateY_speed&quot;:{&quot;unit&quot;:&quot;px&quot;,&quot;size&quot;:4,&quot;sizes&quot;:[]},&quot;motion_fx_translateY_affectedRange&quot;:{&quot;unit&quot;:&quot;%&quot;,&quot;size&quot;:&quot;&quot;,&quot;sizes&quot;:{&quot;start&quot;:0,&quot;end&quot;:100}},&quot;motion_fx_opacity_level&quot;:{&quot;unit&quot;:&quot;px&quot;,&quot;size&quot;:10,&quot;sizes&quot;:[]}}\">\n\t\t\t\t<div class=\"elementor-element elementor-element-750e847 animated-slow elementor-align-justify elementor-hidden-desktop elementor-hidden-tablet elementor-hidden-mobile elementor-invisible elementor-widget elementor-widget-button\" data-id=\"750e847\" data-element_type=\"widget\" data-e-type=\"widget\" data-settings=\"{&quot;_animation&quot;:&quot;fadeInLeft&quot;}\" data-widget_type=\"button.default\">\n\t\t\t\t<div class=\"elementor-widget-container\">\n\t\t\t\t\t\t\t\t\t<div class=\"elementor-button-wrapper\">\n\t\t\t\t\t<a class=\"elementor-button elementor-button-link elementor-size-sm\" href=\"https:\/\/ecocircleglobal.com\/en\/eco-circle\/\">\n\t\t\t\t\t\t<span class=\"elementor-button-content-wrapper\">\n\t\t\t\t\t\t<span class=\"elementor-button-icon\">\n\t\t\t\t<svg aria-hidden=\"true\" class=\"e-font-icon-svg e-fas-arrow-right\" viewbox=\"0 0 448 512\" xmlns=\"http:\/\/www.w3.org\/2000\/svg\"><path d=\"M190.5 66.9l22.2-22.2c9.4-9.4 24.6-9.4 33.9 0L441 239c9.4 9.4 9.4 24.6 0 33.9L246.6 467.3c-9.4 9.4-24.6 9.4-33.9 0l-22.2-22.2c-9.5-9.5-9.3-25 .4-34.3L311.4 296H24c-13.3 0-24-10.7-24-24v-32c0-13.3 10.7-24 24-24h287.4L190.9 101.2c-9.8-9.3-10-24.8-.4-34.3z\"><\/path><\/svg>\t\t\t<\/span>\n\t\t\t\t\t\t\t\t\t<span class=\"elementor-button-text\">Find out more!<\/span>\n\t\t\t\t\t<\/span>\n\t\t\t\t\t<\/a>\n\t\t\t\t<\/div>\n\t\t\t\t\t\t\t\t<\/div>\n\t\t\t\t<\/div>\n\t\t\t\t<div class=\"elementor-element elementor-element-f089b37 elementor-widget__width-initial elementor-invisible elementor-widget elementor-widget-heading\" data-id=\"f089b37\" data-element_type=\"widget\" data-e-type=\"widget\" data-settings=\"{&quot;_animation&quot;:&quot;fadeInUp&quot;}\" data-widget_type=\"heading.default\">\n\t\t\t\t<div class=\"elementor-widget-container\">\n\t\t\t\t\t<h1 class=\"elementor-heading-title elementor-size-default\">Abendi ESG Diagnosis<\/h1>\t\t\t\t<\/div>\n\t\t\t\t<\/div>\n\t\t\t\t<div class=\"elementor-element elementor-element-68316dd elementor-widget__width-initial elementor-invisible elementor-widget elementor-widget-heading\" data-id=\"68316dd\" data-element_type=\"widget\" data-e-type=\"widget\" data-settings=\"{&quot;_animation&quot;:&quot;fadeInUp&quot;}\" data-widget_type=\"heading.default\">\n\t\t\t\t<div class=\"elementor-widget-container\">\n\t\t\t\t\t<p class=\"elementor-heading-title elementor-size-default\">A company specializing in customized and integrated sustainability solutions that create value for companies.<\/p>\t\t\t\t<\/div>\n\t\t\t\t<\/div>\n\t\t\t\t<\/div>\n\t\t\t\t<\/div>\n\t\t\t\t<\/section>\n\t\t<section class=\"elementor-element elementor-element-2db5907 e-flex e-con-boxed e-con e-parent\" data-id=\"2db5907\" data-element_type=\"container\" data-e-type=\"container\">\n\t\t\t\t\t<div class=\"e-con-inner\">\n\t\t<div class=\"elementor-element elementor-element-d1ff1f7 e-con-full e-flex e-con e-child\" data-id=\"d1ff1f7\" data-element_type=\"container\" data-e-type=\"container\">\n\t\t<div class=\"elementor-element elementor-element-ea6b0c2 e-con-full e-flex e-con e-child\" data-id=\"ea6b0c2\" data-element_type=\"container\" data-e-type=\"container\">\n\t\t\t\t<div class=\"elementor-element elementor-element-da0f7bc elementor-widget elementor-widget-image\" data-id=\"da0f7bc\" data-element_type=\"widget\" data-e-type=\"widget\" data-widget_type=\"image.default\">\n\t\t\t\t<div class=\"elementor-widget-container\">\n\t\t\t\t\t\t\t\t\t\t\t\t\t\t\t<img fetchpriority=\"high\" decoding=\"async\" width=\"2560\" height=\"1266\" src=\"https:\/\/ecocircleglobal.com\/wp-content\/uploads\/2025\/08\/Abendi-Logomarca-scaled.png\" class=\"attachment-full size-full wp-image-1606\" alt=\"\" srcset=\"https:\/\/ecocircleglobal.com\/wp-content\/uploads\/2025\/08\/Abendi-Logomarca-scaled.png 2560w, https:\/\/ecocircleglobal.com\/wp-content\/uploads\/2025\/08\/Abendi-Logomarca-300x148.png 300w, https:\/\/ecocircleglobal.com\/wp-content\/uploads\/2025\/08\/Abendi-Logomarca-1024x506.png 1024w, https:\/\/ecocircleglobal.com\/wp-content\/uploads\/2025\/08\/Abendi-Logomarca-768x380.png 768w, https:\/\/ecocircleglobal.com\/wp-content\/uploads\/2025\/08\/Abendi-Logomarca-1536x760.png 1536w, https:\/\/ecocircleglobal.com\/wp-content\/uploads\/2025\/08\/Abendi-Logomarca-2048x1013.png 2048w, https:\/\/ecocircleglobal.com\/wp-content\/uploads\/2025\/08\/Abendi-Logomarca-18x9.png 18w\" sizes=\"(max-width: 2560px) 100vw, 2560px\" \/>\t\t\t\t\t\t\t\t\t\t\t\t\t\t\t<\/div>\n\t\t\t\t<\/div>\n\t\t\t\t<div class=\"elementor-element elementor-element-2f17b23 elementor-widget elementor-widget-text-editor\" data-id=\"2f17b23\" data-element_type=\"widget\" data-e-type=\"widget\" data-widget_type=\"text-editor.default\">\n\t\t\t\t<div class=\"elementor-widget-container\">\n\t\t\t\t\t\t\t\t\t<p class=\"cvGsUA direction-ltr align-start para-style-body\">EcoCircle Global is committed to consolidating decarbonization strategies that anticipate regulatory trends and respond to growing market pressure for climate transparency. In a scenario where emissions measurement, reduction, and offsetting will soon become legal requirements\u2014with the imminent implementation of the Brazilian Emissions Trading System (SBCE)\u2014building a robust decarbonization plan is no longer a differentiator but a prerequisite for market survival.\u00a0<\/p><p class=\"cvGsUA direction-ltr align-start para-style-body\">It was with this horizon in mind that we structured, in partnership with Bauducco, a complete corporate decarbonization journey, with deliverables ranging from the technical inventory in accordance with the GHG Protocol and ISO 14064-1, always accompanied by executive plans with timelines, CapEx, OpEx, and climate KPIs.<\/p>\t\t\t\t\t\t\t\t<\/div>\n\t\t\t\t<\/div>\n\t\t\t\t<\/div>\n\t\t<div class=\"elementor-element elementor-element-7d49331 e-con-full e-flex e-con e-child\" data-id=\"7d49331\" data-element_type=\"container\" data-e-type=\"container\">\n\t\t\t\t<div class=\"elementor-element elementor-element-7bce945 elementor-widget elementor-widget-image\" data-id=\"7bce945\" data-element_type=\"widget\" data-e-type=\"widget\" data-widget_type=\"image.default\">\n\t\t\t\t<div class=\"elementor-widget-container\">\n\t\t\t\t\t\t\t\t\t\t\t\t\t\t\t<img decoding=\"async\" width=\"1536\" height=\"864\" src=\"https:\/\/ecocircleglobal.com\/wp-content\/uploads\/2025\/08\/pessoa-trabalhando-com-o-notebook-1536x864.webp\" class=\"attachment-1536x1536 size-1536x1536 wp-image-1614\" alt=\"\" srcset=\"https:\/\/ecocircleglobal.com\/wp-content\/uploads\/2025\/08\/pessoa-trabalhando-com-o-notebook-1536x864.webp 1536w, https:\/\/ecocircleglobal.com\/wp-content\/uploads\/2025\/08\/pessoa-trabalhando-com-o-notebook-300x169.webp 300w, https:\/\/ecocircleglobal.com\/wp-content\/uploads\/2025\/08\/pessoa-trabalhando-com-o-notebook-1024x576.webp 1024w, https:\/\/ecocircleglobal.com\/wp-content\/uploads\/2025\/08\/pessoa-trabalhando-com-o-notebook-768x432.webp 768w, https:\/\/ecocircleglobal.com\/wp-content\/uploads\/2025\/08\/pessoa-trabalhando-com-o-notebook-18x10.webp 18w, https:\/\/ecocircleglobal.com\/wp-content\/uploads\/2025\/08\/pessoa-trabalhando-com-o-notebook.webp 1920w\" sizes=\"(max-width: 1536px) 100vw, 1536px\" \/>\t\t\t\t\t\t\t\t\t\t\t\t\t\t\t<\/div>\n\t\t\t\t<\/div>\n\t\t\t\t<\/div>\n\t\t\t\t<\/div>\n\t\t<div class=\"elementor-element elementor-element-8b78cd1 e-con-full e-flex e-con e-child\" data-id=\"8b78cd1\" data-element_type=\"container\" data-e-type=\"container\">\n\t\t<div class=\"elementor-element elementor-element-3f9ea19 e-con-full e-flex e-con e-child\" data-id=\"3f9ea19\" data-element_type=\"container\" data-e-type=\"container\">\n\t\t\t\t<div class=\"elementor-element elementor-element-2ec4f53 elementor-widget elementor-widget-image\" data-id=\"2ec4f53\" data-element_type=\"widget\" data-e-type=\"widget\" data-widget_type=\"image.default\">\n\t\t\t\t<div class=\"elementor-widget-container\">\n\t\t\t\t\t\t\t\t\t\t\t\t\t\t\t<img decoding=\"async\" width=\"1920\" height=\"1080\" src=\"https:\/\/ecocircleglobal.com\/wp-content\/uploads\/2025\/08\/pessoas-conversando-na-escada.webp\" class=\"attachment-full size-full wp-image-1615\" alt=\"\" srcset=\"https:\/\/ecocircleglobal.com\/wp-content\/uploads\/2025\/08\/pessoas-conversando-na-escada.webp 1920w, https:\/\/ecocircleglobal.com\/wp-content\/uploads\/2025\/08\/pessoas-conversando-na-escada-300x169.webp 300w, https:\/\/ecocircleglobal.com\/wp-content\/uploads\/2025\/08\/pessoas-conversando-na-escada-1024x576.webp 1024w, https:\/\/ecocircleglobal.com\/wp-content\/uploads\/2025\/08\/pessoas-conversando-na-escada-768x432.webp 768w, https:\/\/ecocircleglobal.com\/wp-content\/uploads\/2025\/08\/pessoas-conversando-na-escada-1536x864.webp 1536w, https:\/\/ecocircleglobal.com\/wp-content\/uploads\/2025\/08\/pessoas-conversando-na-escada-18x10.webp 18w\" sizes=\"(max-width: 1920px) 100vw, 1920px\" \/>\t\t\t\t\t\t\t\t\t\t\t\t\t\t\t<\/div>\n\t\t\t\t<\/div>\n\t\t\t\t<\/div>\n\t\t<div class=\"elementor-element elementor-element-640782e e-con-full e-flex e-con e-child\" data-id=\"640782e\" data-element_type=\"container\" data-e-type=\"container\">\n\t\t\t\t<div class=\"elementor-element elementor-element-6801d64 elementor-widget elementor-widget-text-editor\" data-id=\"6801d64\" data-element_type=\"widget\" data-e-type=\"widget\" data-widget_type=\"text-editor.default\">\n\t\t\t\t<div class=\"elementor-widget-container\">\n\t\t\t\t\t\t\t\t\t<p class=\"cvGsUA direction-ltr align-end para-style-body\">The proposal includes concrete actions, such as the energy transition of industrial furnaces\u2014replacing natural gas with biomethane\u2014and the replacement of refrigerant gases with low-global-warming-potential alternatives. These initiatives are accompanied by economic and financial feasibility analyses, contractual modeling, supplier mapping, and technical support for negotiations.\u00a0<\/p><p class=\"cvGsUA direction-ltr align-end para-style-body\">Furthermore, EcoCircle structures carbon credit projects based on internationally recognized methodologies (CDM, Verra, Gold Standard), aimed at replacing fossil fuels and eliminating fugitive emissions. All projects follow standards that enable future certification, issuance, and monetization of credits, with a high degree of environmental integrity.<\/p><p class=\"cvGsUA direction-ltr align-end para-style-body\">Reducing emissions today is a strategic choice. Soon, it will become an obligation. EcoCircle is prepared to guide this transition with technical depth, systemic vision, and a focus on concrete results.<\/p>\t\t\t\t\t\t\t\t<\/div>\n\t\t\t\t<\/div>\n\t\t\t\t<\/div>\n\t\t\t\t<\/div>\n\t\t\t\t\t<\/div>\n\t\t\t\t<\/section>\n\t\t\t\t<\/div>","protected":false},"excerpt":{"rendered":"<p>Projeto Conservando 8.34 mil hectares de floresta amaz\u00f4nica e promovendo desenvolvimento sustent\u00e1vel no Amazonas. Saiba mais! Uma empresa especializada em solu\u00e7\u00f5es personalizadas e integradas de sustentabilidade que criam valor para as empresas. A EcoCircle Global atua com firmeza na consolida\u00e7\u00e3o de estrat\u00e9gias de descarboniza\u00e7\u00e3o que antecipam tend\u00eancias regulat\u00f3rias e respondem \u00e0s crescentes press\u00f5es do mercado [&hellip;]<\/p>","protected":false},"author":1,"featured_media":0,"parent":62,"menu_order":0,"comment_status":"closed","ping_status":"closed","template":"elementor_header_footer","meta":{"footnotes":""},"class_list":["post-1267","page","type-page","status-publish","hentry"],"_links":{"self":[{"href":"https:\/\/ecocircleglobal.com\/en\/wp-json\/wp\/v2\/pages\/1267","targetHints":{"allow":["GET"]}}],"collection":[{"href":"https:\/\/ecocircleglobal.com\/en\/wp-json\/wp\/v2\/pages"}],"about":[{"href":"https:\/\/ecocircleglobal.com\/en\/wp-json\/wp\/v2\/types\/page"}],"author":[{"embeddable":true,"href":"https:\/\/ecocircleglobal.com\/en\/wp-json\/wp\/v2\/users\/1"}],"replies":[{"embeddable":true,"href":"https:\/\/ecocircleglobal.com\/en\/wp-json\/wp\/v2\/comments?post=1267"}],"version-history":[{"count":0,"href":"https:\/\/ecocircleglobal.com\/en\/wp-json\/wp\/v2\/pages\/1267\/revisions"}],"up":[{"embeddable":true,"href":"https:\/\/ecocircleglobal.com\/en\/wp-json\/wp\/v2\/pages\/62"}],"wp:attachment":[{"href":"https:\/\/ecocircleglobal.com\/en\/wp-json\/wp\/v2\/media?parent=1267"}],"curies":[{"name":"wp","href":"https:\/\/api.w.org\/{rel}","templated":true}]}}